{"id":128,"date":"2020-06-08T19:19:23","date_gmt":"2020-06-08T19:19:23","guid":{"rendered":"http:\/\/je-wp.inf-bb.uni-jena.de\/blog\/?page_id=128"},"modified":"2020-07-29T09:31:09","modified_gmt":"2020-07-29T09:31:09","slug":"2018-2","status":"publish","type":"page","link":"https:\/\/the-jena-experiment.de\/index.php\/2018-2\/","title":{"rendered":"2018"},"content":{"rendered":"\n<p>Bachmann, D., C. Roscher, and N. Buchmann. 2018. How\ndo leaf trait values change spatially and temporally with light availability in\na grassland diversity experiment? <em>Oikos<\/em>\n<strong>127<\/strong>:935\u2013948. <a href=\"https:\/\/doi.org\/10.1111\/oik.04533\">https:\/\/doi.org\/10.1111\/oik.04533<\/a><\/p>\n\n\n\n<p>Baert, J. M., N. Eisenhauer, C. R. Janssen, and F. De\nLaender. 2018. Biodiversity effects on ecosystem functioning respond unimodally\nto environmental stress. <em>Ecology Letters<\/em>\n<strong>21<\/strong>:1191\u20131199. <a href=\"https:\/\/doi.org\/10.1111\/ele.13088\">https:\/\/doi.org\/10.1111\/ele.13088<\/a><\/p>\n\n\n\n<p>Barnes, A. D., M. Jochum, J. S. Lefcheck, N.\nEisenhauer, C. Scherber, M. I. O\u2019Connor, et al. 2018. Energy flux: The link\nbetween multitrophic biodiversity and ecosystem functioning. <em>Trends in Ecology &amp; Evolution<\/em> <strong>33<\/strong>:186\u2013197. <a href=\"https:\/\/doi.org\/10.1016\/j.tree.2017.12.007\">https:\/\/doi.org\/10.1016\/j.tree.2017.12.007<\/a><\/p>\n\n\n\n<p>Buchmann, T., J. Schumacher, A. Ebeling, N.\nEisenhauer, M. Fischer, G. Gleixner, et al. 2018. Connecting experimental\nbiodiversity research to real-world grasslands. <em>Perspectives in Plant Ecology, Evolution and Systematics<\/em> <strong>33<\/strong>:78\u201388. <a href=\"https:\/\/doi.org\/10.1016\/j.ppees.2018.06.002\">https:\/\/doi.org\/10.1016\/j.ppees.2018.06.002<\/a><\/p>\n\n\n\n<p>Craven, D., N. Eisenhauer, W. D. Pearse, Y. Hautier,\nF. Isbell, C. Roscher, et al. 2018. Multiple facets of biodiversity drive the diversity\u2013stability\nrelationship. <em>Nature Ecology &amp;\nEvolution<\/em> <strong>2<\/strong>:1579\u20131587. <a href=\"https:\/\/doi.org\/10.1038\/s41559-018-0647-7\">https:\/\/doi.org\/10.1038\/s41559-018-0647-7<\/a><\/p>\n\n\n\n<p>Dudenh\u00f6ffer, J.-H., A. Ebeling, A.-M. Klein, and C.\nWagg. 2018. Beyond biomass: Soil feedbacks are transient over plant life stages\nand alter fitness. <em>Journal of Ecology<\/em>\n<strong>106<\/strong>:230\u2013241. <a href=\"https:\/\/doi.org\/10.1111\/1365-2745.12870\">https:\/\/doi.org\/10.1111\/1365-2745.12870<\/a><\/p>\n\n\n\n<p>Ebeling, A., J. Hines, L. R. Hertzog, M. Lange, S. T.\nMeyer, N. K. Simons, et al. 2018a. Plant diversity effects on arthropods and\narthropod-dependent ecosystem functions in a biodiversity experiment. <em>Basic and Applied Ecology<\/em> <strong>26<\/strong>:50\u201363. <a href=\"https:\/\/doi.org\/10.1016\/j.baae.2017.09.014\">https:\/\/doi.org\/10.1016\/j.baae.2017.09.014<\/a><\/p>\n\n\n\n<p>Ebeling, A., M. Rzanny, M. Lange, N. Eisenhauer, L. R.\nHertzog, S. T. Meyer, et al. 2018b. Plant diversity induces shifts in the\nfunctional structure and diversity across trophic levels. <em>Oikos<\/em> <strong>127<\/strong>:208\u2013219. <a href=\"https:\/\/doi.org\/10.1111\/oik.04210\">https:\/\/doi.org\/10.1111\/oik.04210<\/a><\/p>\n\n\n\n<p>Eisenhauer, N., S. Herrmann, J. Hines, F. Buscot, J.\nSiebert, and M. P. Thakur. 2018a. The dark side of animal phenology. <em>Trends in Ecology &amp; Evolution<\/em> <strong>33<\/strong>:898\u2013901. <a href=\"https:\/\/doi.org\/10.1016\/j.tree.2018.09.010\">https:\/\/doi.org\/10.1016\/j.tree.2018.09.010<\/a><\/p>\n\n\n\n<p>Eisenhauer, N., J. Hines, F. Isbell, F. van der Plas,\nS. E. Hobbie, C. E. Kazanski, et al. 2018b. Plant diversity maintains multiple\nsoil functions in future environments. <em>eLife<\/em>\n<strong>7<\/strong>:e41228. <a href=\"https:\/\/doi.org\/10.7554\/eLife.41228\">https:\/\/doi.org\/10.7554\/eLife.41228<\/a><\/p>\n\n\n\n<p>Eisenhauer, N., A. Vogel, B. Jensen, and S. Scheu.\n2018c. Decomposer diversity increases biomass production and shifts\naboveground-belowground biomass allocation of common wheat. <em>Scientific Reports<\/em> <strong>8<\/strong>:17894. <a href=\"https:\/\/doi.org\/10.1038\/s41598-018-36294-3\">https:\/\/doi.org\/10.1038\/s41598-018-36294-3<\/a><\/p>\n\n\n\n<p>Gonz\u00e1lez Mac\u00e9, O., and S. Scheu. 2018. Response of\ncollembola and acari communities to summer flooding in a grassland plant\ndiversity experiment. <em>PLOS ONE<\/em> <strong>13<\/strong>:e0202862. <a href=\"https:\/\/doi.org\/10.1371\/journal.pone.0202862\">https:\/\/doi.org\/10.1371\/journal.pone.0202862<\/a><\/p>\n\n\n\n<p>Guderle, M., D. Bachmann, A. Milcu, A. Gockele, M.\nBechmann, C. Fischer, et al. 2018. Dynamic niche partitioning in root water\nuptake facilitates efficient water use in more diverse grassland plant\ncommunities. <em>Functional Ecology<\/em> <strong>32<\/strong>:214\u2013227. <a href=\"https:\/\/doi.org\/10.1111\/1365-2435.12948\">https:\/\/doi.org\/10.1111\/1365-2435.12948<\/a><\/p>\n\n\n\n<p>Guiz, J., A. Ebeling, N. Eisenhauer, N. Hacker, L.\nHertzog, Y. Oelmann, et al. 2018. Interspecific competition alters leaf\nstoichiometry in 20 grassland species. <em>Oikos<\/em>\n<strong>127<\/strong>:903\u2013914. <a href=\"https:\/\/doi.org\/10.1111\/oik.04907\">https:\/\/doi.org\/10.1111\/oik.04907<\/a><\/p>\n\n\n\n<p>Hahl, T., S. J. van Moorsel, M. W. Schmid, D. Zuppinger-Dingley,\nB. Schmid, and C. Wagg. 2018. Diversity loss selects for altered plant\nphenotypic responses to local arbuscular mycorrhizal communities. <em>bioRxiv<\/em>:216986. <a href=\"https:\/\/doi.org\/10.1101\/216986\">https:\/\/doi.org\/10.1101\/216986<\/a><\/p>\n\n\n\n<p>Jesch, A., K. E. Barry, J. M. Ravenek, D. Bachmann, T.\nStrecker, A. Weigelt, et al. 2018. Below-ground resource partitioning alone\ncannot explain the biodiversity\u2013ecosystem function relationship: A field test\nusing multiple tracers. <em>Journal of\nEcology<\/em> <strong>106<\/strong>:2002\u20132018. <a href=\"https:\/\/doi.org\/10.1111\/1365-2745.12947\">https:\/\/doi.org\/10.1111\/1365-2745.12947<\/a><\/p>\n\n\n\n<p>Ku\u0165\u00e1kov\u00e1, E., S. Cesarz, Z. M\u00fcnzbergov\u00e1, and N.\nEisenhauer. 2018. Soil microarthropods alter the outcome of plant-soil feedback\nexperiments. <em>Scientific Reports<\/em> <strong>8<\/strong>:11898. <a href=\"https:\/\/doi.org\/10.1038\/s41598-018-30340-w\">https:\/\/doi.org\/10.1038\/s41598-018-30340-w<\/a><\/p>\n\n\n\n<p>Meyer, S. T., R. Ptacnik, H. Hillebrand, H. Bessler, N.\nBuchmann, A. Ebeling, et al. 2018. Biodiversity\u2013multifunctionality\nrelationships depend on identity and number of measured functions. <em>Nature Ecology &amp; Evolution<\/em> <strong>2<\/strong>:44\u201349. <a href=\"https:\/\/doi.org\/10.1038\/s41559-017-0391-4\">https:\/\/doi.org\/10.1038\/s41559-017-0391-4<\/a><\/p>\n\n\n\n<p>Oram, N. J., J. M. Ravenek, K. E. Barry, A. Weigelt,\nH. Chen, A. Gessler, et al. 2018. Below-ground complementarity effects in a\ngrassland biodiversity experiment are related to deep-rooting species. <em>Journal of Ecology<\/em> <strong>106<\/strong>:265\u2013277. <a href=\"https:\/\/doi.org\/10.1111\/1365-2745.12877\">https:\/\/doi.org\/10.1111\/1365-2745.12877<\/a><\/p>\n\n\n\n<p>Roscher, C., M. Gubsch, A. Lipowsky, J. Schumacher, A.\nWeigelt, N. Buchmann, et al. 2018a. Trait means, trait plasticity and trait\ndifferences to other species jointly explain species performances in grasslands\nof varying diversity. <em>Oikos<\/em> <strong>127<\/strong>:865\u2013865. <a href=\"https:\/\/doi.org\/10.1111\/oik.04815\">https:\/\/doi.org\/10.1111\/oik.04815<\/a><\/p>\n\n\n\n<p>Roscher, C., J. Schumacher, M. Gubsch, A. Lipowsky, A.\nWeigelt, N. Buchmann, et al. 2018b. Origin context of trait data matters for\npredictions of community performance in a grassland biodiversity experiment. <em>Ecology<\/em> <strong>99<\/strong>:1214\u20131226. <a href=\"https:\/\/doi.org\/10.1002\/ecy.2216\">https:\/\/doi.org\/10.1002\/ecy.2216<\/a><\/p>\n\n\n\n<p>Roscher, C., J. Schumacher, M. Gubsch, A. Lipowsky, A.\nWeigelt, N. Buchmann, et al. 2018c. Interspecific trait differences rather than\nintraspecific trait variation increase the extent and filling of community\ntrait space with increasing plant diversity in experimental grasslands. <em>Perspectives in Plant Ecology, Evolution and\nSystematics<\/em> <strong>33<\/strong>:42\u201350. <a href=\"https:\/\/doi.org\/10.1016\/j.ppees.2018.05.001\">https:\/\/doi.org\/10.1016\/j.ppees.2018.05.001<\/a><\/p>\n\n\n\n<p>Roscher, C., J. Schumacher, A. Lipowsky, M. Gubsch, A.\nWeigelt, B. Schmid, et al. 2018d. Functional groups differ in trait means, but\nnot in trait plasticity to species richness in local grassland communities. <em>Ecology<\/em> <strong>99<\/strong>:2295\u20132307. <a href=\"https:\/\/doi.org\/10.1002\/ecy.2447\">https:\/\/doi.org\/10.1002\/ecy.2447<\/a><\/p>\n\n\n\n<p>Sch\u00f6b, C., R. W. Brooker, and D. Zuppinger-Dingley.\n2018. Evolution of facilitation requires diverse communities. <em>Nature Ecology &amp; Evolution<\/em> <strong>2<\/strong>:1381\u20131385. <a href=\"https:\/\/doi.org\/10.1038\/s41559-018-0623-2\">https:\/\/doi.org\/10.1038\/s41559-018-0623-2<\/a><\/p>\n\n\n\n<p>Schulze, E. D., O. Bouriaud, U. Weber, C. Roscher, D.\nHessenmoeller, F. Kroiher, et al. 2018. Management breaks the natural\nproductivity-biodiversity relationship in forests and grassland: An opinion. <em>Forest Ecosystems<\/em> <strong>5<\/strong>:3. <a href=\"https:\/\/doi.org\/10.1186\/s40663-017-0122-y\">https:\/\/doi.org\/10.1186\/s40663-017-0122-y<\/a><\/p>\n\n\n\n<p>Sohlstr\u00f6m, E. H., L. Marian, A. D. Barnes, N. F.\nHaneda, S. Scheu, B. C. Rall, et al. 2018. Applying generalized allometric\nregressions to predict live body mass of tropical and temperate arthropods. <em>Ecology and Evolution<\/em> <strong>8<\/strong>:12737\u201312749. <a href=\"https:\/\/doi.org\/10.1002\/ece3.4702\">https:\/\/doi.org\/10.1002\/ece3.4702<\/a><\/p>\n\n\n\n<p>van Moorsel, S. J., T. Hahl, C. Wagg, G. B. De Deyn, D. F. B. Flynn, D. Zuppinger-Dingley, et al. 2018a. Community evolution increases plant productivity at low diversity. <em>Ecology Letters<\/em> <strong>21<\/strong>:128\u2013137. <a href=\"https:\/\/doi.org\/10.1111\/ele.12879\">https:\/\/doi.org\/10.1111\/ele.12879<\/a> <\/p>\n\n\n\n<p>van Moorsel, S. J., M. W. Schmid, T. Hahl, D. Zuppinger-Dingley, and B. Schmid. 2018b. Selection in response to community diversity alters plant performance and functional traits. <em>Perspectives in Plant Ecology, Evolution and Systematics<\/em><strong>33<\/strong>:51\u201361. <a href=\"https:\/\/doi.org\/10.1016\/j.ppees.2018.05.002\">https:\/\/doi.org\/10.1016\/j.ppees.2018.05.002<\/a><\/p>\n","protected":false},"excerpt":{"rendered":"<p>Bachmann, D., C. Roscher, and N. Buchmann. 2018. How do leaf trait values change spatially and temporally with light availability in a grassland diversity experiment? Oikos 127:935\u2013948. https:\/\/doi.org\/10.1111\/oik.04533 Baert, J.&hellip;<\/p>\n","protected":false},"author":2,"featured_media":0,"parent":0,"menu_order":0,"comment_status":"closed","ping_status":"closed","template":"","meta":[],"_links":{"self":[{"href":"https:\/\/the-jena-experiment.de\/index.php\/wp-json\/wp\/v2\/pages\/128"}],"collection":[{"href":"https:\/\/the-jena-experiment.de\/index.php\/wp-json\/wp\/v2\/pages"}],"about":[{"href":"https:\/\/the-jena-experiment.de\/index.php\/wp-json\/wp\/v2\/types\/page"}],"author":[{"embeddable":true,"href":"https:\/\/the-jena-experiment.de\/index.php\/wp-json\/wp\/v2\/users\/2"}],"replies":[{"embeddable":true,"href":"https:\/\/the-jena-experiment.de\/index.php\/wp-json\/wp\/v2\/comments?post=128"}],"version-history":[{"count":5,"href":"https:\/\/the-jena-experiment.de\/index.php\/wp-json\/wp\/v2\/pages\/128\/revisions"}],"predecessor-version":[{"id":1242,"href":"https:\/\/the-jena-experiment.de\/index.php\/wp-json\/wp\/v2\/pages\/128\/revisions\/1242"}],"wp:attachment":[{"href":"https:\/\/the-jena-experiment.de\/index.php\/wp-json\/wp\/v2\/media?parent=128"}],"curies":[{"name":"wp","href":"https:\/\/api.w.org\/{rel}","templated":true}]}}